{"id":56,"date":"2025-08-29T14:25:20","date_gmt":"2025-08-29T12:25:20","guid":{"rendered":"https:\/\/digitaliseringskompetens.se\/?page_id=56"},"modified":"2025-09-24T13:21:04","modified_gmt":"2025-09-24T11:21:04","slug":"contact","status":"publish","type":"page","link":"https:\/\/digitaliseringskompetens.se\/en\/kontakt\/","title":{"rendered":"Contact us"},"content":{"rendered":"\n<p>Kontakta oss genom att fylla i formul\u00e4ret nedan, s\u00e5 \u00e5terkommer vi s\u00e5 snart m\u00f6jligt!<\/p>\n\n\n<style id=\"wpforms-css-vars-54-block-0d878a8d-cffa-4306-b130-6141e7666a36\">\n\t\t\t\t#wpforms-54.wpforms-block-0d878a8d-cffa-4306-b130-6141e7666a36 {\n\t\t\t\t--wpforms-field-size-input-height: 43px;\n--wpforms-field-size-input-spacing: 15px;\n--wpforms-field-size-font-size: 16px;\n--wpforms-field-size-line-height: 19px;\n--wpforms-field-size-padding-h: 14px;\n--wpforms-field-size-checkbox-size: 16px;\n--wpforms-field-size-sublabel-spacing: 5px;\n--wpforms-field-size-icon-size: 1;\n--wpforms-label-size-font-size: 16px;\n--wpforms-label-size-line-height: 19px;\n--wpforms-label-size-sublabel-font-size: 14px;\n--wpforms-label-size-sublabel-line-height: 17px;\n--wpforms-button-size-font-size: 17px;\n--wpforms-button-size-height: 41px;\n--wpforms-button-size-padding-h: 15px;\n--wpforms-button-size-margin-top: 10px;\n\t\t\t}\n\t\t\t<\/style><div class=\"wpforms-container wpforms-container-full wpforms-block wpforms-block-0d878a8d-cffa-4306-b130-6141e7666a36 wpforms-render-modern\" id=\"wpforms-54\"><form id=\"wpforms-form-54\" class=\"wpforms-validate wpforms-form wpforms-ajax-form\" data-formid=\"54\" method=\"post\" enctype=\"multipart\/form-data\" action=\"\/en\/wp-json\/wp\/v2\/pages\/56\" data-token=\"b3a375bf715b20de9f39f0cefa7f3daf\" data-token-time=\"1777479836\"><noscript class=\"wpforms-error-noscript\">Please enable JavaScript in your browser to complete this form.<\/noscript><div id=\"wpforms-error-noscript\" style=\"display: none;\">Please enable JavaScript in your browser to complete this form.<\/div><div class=\"wpforms-field-container\">\t\t<div id=\"wpforms-54-field_3-container\"\n\t\t\tclass=\"wpforms-field wpforms-field-text\"\n\t\t\tdata-field-type=\"text\"\n\t\t\tdata-field-id=\"3\"\n\t\t\t>\n\t\t\t<label class=\"wpforms-field-label\" for=\"wpforms-54-field_3\" >Rubrik Namn Meddelande<\/label>\n\t\t\t<input type=\"text\" id=\"wpforms-54-field_3\" class=\"wpforms-field-medium\" name=\"wpforms[fields][3]\" >\n\t\t<\/div>\n\t\t<div id=\"wpforms-54-field_6-container\" class=\"wpforms-field wpforms-field-select wpforms-field-select-style-classic\" data-field-id=\"6\"><label class=\"wpforms-field-label\" for=\"wpforms-54-field_6\">Omr\u00e5de<\/label><select id=\"wpforms-54-field_6\" class=\"wpforms-field-medium\" name=\"wpforms[fields][6]\"><option value=\"R\u00e5d om digitalisering\"  class=\"choice-1 depth-1\"  >R\u00e5d om digitalisering<\/option><option value=\"R\u00e5d om innovationsledning\"  class=\"choice-2 depth-1\"  >R\u00e5d om innovationsledning<\/option><option value=\"Nytt system\"  class=\"choice-3 depth-1\"  >Nytt system<\/option><option value=\"Support\"  class=\"choice-4 depth-1\"  >Support<\/option><\/select><\/div><div id=\"wpforms-54-field_5-container\" class=\"wpforms-field wpforms-field-text\" data-field-id=\"5\"><label class=\"wpforms-field-label\" for=\"wpforms-54-field_5\">Rubrik<\/label><input type=\"text\" id=\"wpforms-54-field_5\" class=\"wpforms-field-medium\" name=\"wpforms[fields][5]\" aria-errormessage=\"wpforms-54-field_5-error\" ><\/div><div id=\"wpforms-54-field_4-container\" class=\"wpforms-field wpforms-field-textarea\" data-field-id=\"4\"><label class=\"wpforms-field-label\" for=\"wpforms-54-field_4\">Meddelande<\/label><textarea id=\"wpforms-54-field_4\" class=\"wpforms-field-medium\" name=\"wpforms[fields][4]\" aria-errormessage=\"wpforms-54-field_4-error\" ><\/textarea><\/div><div id=\"wpforms-54-field_1-container\" class=\"wpforms-field wpforms-field-name\" data-field-id=\"1\"><label class=\"wpforms-field-label\" for=\"wpforms-54-field_1\">Namn<\/label><input type=\"text\" id=\"wpforms-54-field_1\" class=\"wpforms-field-medium\" name=\"wpforms[fields][1]\" aria-errormessage=\"wpforms-54-field_1-error\" ><\/div><div id=\"wpforms-54-field_2-container\" class=\"wpforms-field wpforms-field-email\" data-field-id=\"2\"><label class=\"wpforms-field-label\" for=\"wpforms-54-field_2\">E-postadress<\/label><input type=\"email\" id=\"wpforms-54-field_2\" class=\"wpforms-field-medium\" name=\"wpforms[fields][2]\" spellcheck=\"false\" aria-errormessage=\"wpforms-54-field_2-error\" ><\/div><script>\n\t\t\t\t( function() {\n\t\t\t\t\tconst style = document.createElement( 'style' );\n\t\t\t\t\tstyle.appendChild( document.createTextNode( '#wpforms-54-field_3-container { position: absolute !important; overflow: hidden !important; display: inline !important; height: 1px !important; width: 1px !important; z-index: -1000 !important; padding: 0 !important; } #wpforms-54-field_3-container input { visibility: hidden; } #wpforms-conversational-form-page #wpforms-54-field_3-container label { counter-increment: none; }' ) );\n\t\t\t\t\tdocument.head.appendChild( style );\n\t\t\t\t\tdocument.currentScript?.remove();\n\t\t\t\t} )();\n\t\t\t<\/script><\/div><!-- .wpforms-field-container --><div class=\"wpforms-recaptcha-container wpforms-is-recaptcha wpforms-is-recaptcha-type-v3\" ><input type=\"hidden\" name=\"wpforms[recaptcha]\" value=\"\"><\/div><div class=\"wpforms-submit-container\" ><input type=\"hidden\" name=\"wpforms[id]\" value=\"54\"><input type=\"hidden\" name=\"page_title\" value=\"\"><input type=\"hidden\" name=\"page_url\" value=\"https:\/\/digitaliseringskompetens.se\/en\/wp-json\/wp\/v2\/pages\/56\"><input type=\"hidden\" name=\"url_referer\" value=\"\"><button type=\"submit\" name=\"wpforms[submit]\" id=\"wpforms-submit-54\" class=\"wpforms-submit\" data-alt-text=\"Skickar \u2026\" data-submit-text=\"Skicka\" aria-live=\"assertive\" value=\"wpforms-submit\">Skicka<\/button><img loading=\"lazy\" decoding=\"async\" src=\"https:\/\/digitaliseringskompetens.se\/wp-content\/plugins\/wpforms-lite\/assets\/images\/submit-spin.svg\" class=\"wpforms-submit-spinner\" style=\"display: none;\" width=\"26\" height=\"26\" alt=\"Loading\"><\/div><\/form><\/div>  <!-- .wpforms-container -->","protected":false},"excerpt":{"rendered":"<p>Contact us by filling in the form below and we will get back to you as soon as possible!<\/p>","protected":false},"author":2,"featured_media":0,"parent":0,"menu_order":0,"comment_status":"closed","ping_status":"closed","template":"","meta":{"om_disable_all_campaigns":false,"_monsterinsights_skip_tracking":false,"_monsterinsights_sitenote_active":false,"_monsterinsights_sitenote_note":"","_monsterinsights_sitenote_category":0,"footnotes":""},"class_list":["post-56","page","type-page","status-publish","hentry"],"aioseo_notices":[],"aioseo_head":"\n\t\t<!-- All in One SEO Pro 4.9.6.2 - aioseo.com -->\n\t<meta name=\"description\" content=\"Fyll i v\u00e5rt formul\u00e4r och f\u00e5 snabb \u00e5terkoppling f\u00f6r effektiv r\u00e5dgivning och support. Kontakta oss enkelt och smidigt idag, eller ring 08-59252200!\" \/>\n\t<meta name=\"robots\" content=\"max-image-preview:large\" \/>\n\t<meta name=\"msvalidate.01\" content=\"we\" \/>\n\t<link rel=\"canonical\" href=\"https:\/\/digitaliseringskompetens.se\/en\/kontakt\/\" \/>\n\t<meta name=\"generator\" content=\"All in One SEO Pro (AIOSEO) 4.9.6.2\" \/>\n\t\t<meta property=\"og:locale\" content=\"en_GB\" \/>\n\t\t<meta property=\"og:site_name\" content=\"Digitaliseringskompetens - Bygger framtidens digitala verksamhet\" \/>\n\t\t<meta property=\"og:type\" content=\"article\" \/>\n\t\t<meta property=\"og:title\" content=\"Kontakta Digitaliseringkompetens f\u00f6r diskussion\" \/>\n\t\t<meta property=\"og:description\" content=\"Fyll i v\u00e5rt formul\u00e4r och f\u00e5 snabb \u00e5terkoppling f\u00f6r effektiv r\u00e5dgivning och support. Kontakta oss enkelt och smidigt idag, eller ring 08-59252200!\" \/>\n\t\t<meta property=\"og:url\" content=\"https:\/\/digitaliseringskompetens.se\/en\/kontakt\/\" \/>\n\t\t<meta property=\"article:published_time\" content=\"2025-08-29T12:25:20+00:00\" \/>\n\t\t<meta property=\"article:modified_time\" content=\"2025-09-24T11:21:04+00:00\" \/>\n\t\t<meta name=\"twitter:card\" content=\"summary_large_image\" \/>\n\t\t<meta name=\"twitter:title\" content=\"Kontakta Digitaliseringkompetens f\u00f6r diskussion\" \/>\n\t\t<meta name=\"twitter:description\" content=\"Fyll i v\u00e5rt formul\u00e4r och f\u00e5 snabb \u00e5terkoppling f\u00f6r effektiv r\u00e5dgivning och support. Kontakta oss enkelt och smidigt idag, eller ring 08-59252200!\" \/>\n\t\t<script type=\"application\/ld+json\" class=\"aioseo-schema\">\n\t\t\t{\"@context\":\"https:\\\/\\\/schema.org\",\"@graph\":[{\"@type\":\"BreadcrumbList\",\"@id\":\"https:\\\/\\\/digitaliseringskompetens.se\\\/en\\\/kontakt\\\/#breadcrumblist\",\"itemListElement\":[{\"@type\":\"ListItem\",\"@id\":\"https:\\\/\\\/digitaliseringskompetens.se\\\/en#listItem\",\"position\":1,\"name\":\"Home\",\"item\":\"https:\\\/\\\/digitaliseringskompetens.se\\\/en\",\"nextItem\":{\"@type\":\"ListItem\",\"@id\":\"https:\\\/\\\/digitaliseringskompetens.se\\\/en\\\/kontakt\\\/#listItem\",\"name\":\"Kontakt\"}},{\"@type\":\"ListItem\",\"@id\":\"https:\\\/\\\/digitaliseringskompetens.se\\\/en\\\/kontakt\\\/#listItem\",\"position\":2,\"name\":\"Kontakt\",\"previousItem\":{\"@type\":\"ListItem\",\"@id\":\"https:\\\/\\\/digitaliseringskompetens.se\\\/en#listItem\",\"name\":\"Home\"}}]},{\"@type\":\"Organization\",\"@id\":\"https:\\\/\\\/digitaliseringskompetens.se\\\/en\\\/#organization\",\"name\":\"Digitaliseringskompetens\",\"description\":\"Bygger framtidens digitala verksamhet\",\"url\":\"https:\\\/\\\/digitaliseringskompetens.se\\\/en\\\/\"},{\"@type\":\"WebPage\",\"@id\":\"https:\\\/\\\/digitaliseringskompetens.se\\\/en\\\/kontakt\\\/#webpage\",\"url\":\"https:\\\/\\\/digitaliseringskompetens.se\\\/en\\\/kontakt\\\/\",\"name\":\"Kontakta Digitaliseringkompetens f\\u00f6r diskussion\",\"description\":\"Fyll i v\\u00e5rt formul\\u00e4r och f\\u00e5 snabb \\u00e5terkoppling f\\u00f6r effektiv r\\u00e5dgivning och support. Kontakta oss enkelt och smidigt idag, eller ring 08-59252200!\",\"inLanguage\":\"en-GB\",\"isPartOf\":{\"@id\":\"https:\\\/\\\/digitaliseringskompetens.se\\\/en\\\/#website\"},\"breadcrumb\":{\"@id\":\"https:\\\/\\\/digitaliseringskompetens.se\\\/en\\\/kontakt\\\/#breadcrumblist\"},\"datePublished\":\"2025-08-29T14:25:20+02:00\",\"dateModified\":\"2025-09-24T13:21:04+02:00\"},{\"@type\":\"WebSite\",\"@id\":\"https:\\\/\\\/digitaliseringskompetens.se\\\/en\\\/#website\",\"url\":\"https:\\\/\\\/digitaliseringskompetens.se\\\/en\\\/\",\"name\":\"Digitaliseringskompetens\",\"description\":\"Bygger framtidens digitala verksamhet\",\"inLanguage\":\"en-GB\",\"publisher\":{\"@id\":\"https:\\\/\\\/digitaliseringskompetens.se\\\/en\\\/#organization\"}}]}\n\t\t<\/script>\n\t\t<!-- All in One SEO Pro -->\r\n\t\t<title>Kontakta Digitaliseringkompetens f\u00f6r diskussion<\/title>\n\n","aioseo_head_json":{"title":"Contact Digitalisation Competence for discussion","description":"Fill in our form and get quick feedback for effective advice and support. Contact us easily and conveniently today, or call 08-59252200!","canonical_url":"https:\/\/digitaliseringskompetens.se\/en\/kontakt\/","robots":"max-image-preview:large","keywords":"","webmasterTools":{"msvalidate.01":"we","miscellaneous":""},"schema":{"@context":"https:\/\/schema.org","@graph":[{"@type":"BreadcrumbList","@id":"https:\/\/digitaliseringskompetens.se\/en\/kontakt\/#breadcrumblist","itemListElement":[{"@type":"ListItem","@id":"https:\/\/digitaliseringskompetens.se\/en#listItem","position":1,"name":"Home","item":"https:\/\/digitaliseringskompetens.se\/en","nextItem":{"@type":"ListItem","@id":"https:\/\/digitaliseringskompetens.se\/en\/kontakt\/#listItem","name":"Kontakt"}},{"@type":"ListItem","@id":"https:\/\/digitaliseringskompetens.se\/en\/kontakt\/#listItem","position":2,"name":"Kontakt","previousItem":{"@type":"ListItem","@id":"https:\/\/digitaliseringskompetens.se\/en#listItem","name":"Home"}}]},{"@type":"Organization","@id":"https:\/\/digitaliseringskompetens.se\/en\/#organization","name":"Digitaliseringskompetens","description":"Bygger framtidens digitala verksamhet","url":"https:\/\/digitaliseringskompetens.se\/en\/"},{"@type":"WebPage","@id":"https:\/\/digitaliseringskompetens.se\/en\/kontakt\/#webpage","url":"https:\/\/digitaliseringskompetens.se\/en\/kontakt\/","name":"Kontakta Digitaliseringkompetens f\u00f6r diskussion","description":"Fyll i v\u00e5rt formul\u00e4r och f\u00e5 snabb \u00e5terkoppling f\u00f6r effektiv r\u00e5dgivning och support. Kontakta oss enkelt och smidigt idag, eller ring 08-59252200!","inLanguage":"en-GB","isPartOf":{"@id":"https:\/\/digitaliseringskompetens.se\/en\/#website"},"breadcrumb":{"@id":"https:\/\/digitaliseringskompetens.se\/en\/kontakt\/#breadcrumblist"},"datePublished":"2025-08-29T14:25:20+02:00","dateModified":"2025-09-24T13:21:04+02:00"},{"@type":"WebSite","@id":"https:\/\/digitaliseringskompetens.se\/en\/#website","url":"https:\/\/digitaliseringskompetens.se\/en\/","name":"Digitaliseringskompetens","description":"Bygger framtidens digitala verksamhet","inLanguage":"en-GB","publisher":{"@id":"https:\/\/digitaliseringskompetens.se\/en\/#organization"}}]},"og:locale":"en_GB","og:site_name":"Digitaliseringskompetens - Bygger framtidens digitala verksamhet","og:type":"article","og:title":"Kontakta Digitaliseringkompetens f\u00f6r diskussion","og:description":"Fyll i v\u00e5rt formul\u00e4r och f\u00e5 snabb \u00e5terkoppling f\u00f6r effektiv r\u00e5dgivning och support. Kontakta oss enkelt och smidigt idag, eller ring 08-59252200!","og:url":"https:\/\/digitaliseringskompetens.se\/en\/kontakt\/","article:published_time":"2025-08-29T12:25:20+00:00","article:modified_time":"2025-09-24T11:21:04+00:00","twitter:card":"summary_large_image","twitter:title":"Kontakta Digitaliseringkompetens f\u00f6r diskussion","twitter:description":"Fyll i v\u00e5rt formul\u00e4r och f\u00e5 snabb \u00e5terkoppling f\u00f6r effektiv r\u00e5dgivning och support. Kontakta oss enkelt och smidigt idag, eller ring 08-59252200!"},"aioseo_meta_data":{"post_id":"56","title":"Contact Digitalisation Competence for discussion","description":"Fill in our form and get quick feedback for effective advice and support. Contact us easily and conveniently today, or call 08-59252200!","keywords":null,"keyphrases":{"focus":{"keyphrase":"","score":0,"analysis":{"keyphraseInTitle":{"score":0,"maxScore":9,"error":1}}},"additional":[]},"primary_term":null,"canonical_url":null,"og_title":null,"og_description":null,"og_object_type":"default","og_image_type":"default","og_image_url":null,"og_image_width":null,"og_image_height":null,"og_image_custom_url":null,"og_image_custom_fields":null,"og_video":"","og_custom_url":null,"og_article_section":null,"og_article_tags":null,"twitter_use_og":false,"twitter_card":"default","twitter_image_type":"default","twitter_image_url":null,"twitter_image_custom_url":null,"twitter_image_custom_fields":null,"twitter_title":null,"twitter_description":null,"schema":{"blockGraphs":[],"customGraphs":[],"default":{"data":{"Article":[],"Course":[],"Dataset":[],"FAQPage":[],"Movie":[],"Person":[],"Product":[],"ProductReview":[],"Car":[],"Recipe":[],"Service":[],"SoftwareApplication":[],"WebPage":[]},"graphName":"WebPage","isEnabled":true},"graphs":[]},"schema_type":"default","schema_type_options":null,"pillar_content":false,"robots_default":true,"robots_noindex":false,"robots_noarchive":false,"robots_nosnippet":false,"robots_nofollow":false,"robots_noimageindex":false,"robots_noodp":false,"robots_notranslate":false,"robots_max_snippet":"-1","robots_max_videopreview":"-1","robots_max_imagepreview":"large","priority":null,"frequency":"default","local_seo":null,"seo_analyzer_scan_date":"2025-09-24 11:21:16","breadcrumb_settings":null,"limit_modified_date":false,"reviewed_by":"0","open_ai":null,"ai":{"faqs":[],"keyPoints":[],"titles":[],"descriptions":["Fyll i v\u00e5rt formul\u00e4r och f\u00e5 snabb \u00e5terkoppling f\u00f6r effektiv r\u00e5dgivning och support. Kontakta oss enkelt och smidigt idag.","L\u00e4mna dina uppgifter via v\u00e5rt formul\u00e4r f\u00f6r snabb kontakt och personlig service. Vi \u00e5terkommer till dig s\u00e5 snart som m\u00f6jligt!","Vill du ha hj\u00e4lp? Fyll i formul\u00e4ret nedan och vi tar kontakt f\u00f6r att ge dig den support du beh\u00f6ver.","Skicka in dina uppgifter med v\u00e5rt formul\u00e4r f\u00f6r att snabbt bli kontaktad av v\u00e5rt team. Vi st\u00e5r redo att hj\u00e4lpa dig!","Kontakta oss enkelt genom att fylla i formul\u00e4ret nedan \u2014 vi \u00e5terkommer s\u00e5 snabbt som m\u00f6jligt f\u00f6r att hj\u00e4lpa dig vidare."],"socialPosts":{"email":[],"linkedin":[],"twitter":[],"facebook":[],"instagram":[]}},"created":"2025-08-29 12:25:20","updated":"2025-10-21 21:11:13"},"aioseo_breadcrumb":"<div class=\"aioseo-breadcrumbs\"><span class=\"aioseo-breadcrumb\">\n\t<a href=\"https:\/\/digitaliseringskompetens.se\/en\" title=\"Home\">Home<\/a>\n<\/span><span class=\"aioseo-breadcrumb-separator\">&raquo;<\/span><span class=\"aioseo-breadcrumb\">\n\tKontakt\n<\/span><\/div>","aioseo_breadcrumb_json":[{"label":"Home","link":"https:\/\/digitaliseringskompetens.se\/en"},{"label":"Kontakt","link":"https:\/\/digitaliseringskompetens.se\/en\/kontakt\/"}],"_links":{"self":[{"href":"https:\/\/digitaliseringskompetens.se\/en\/wp-json\/wp\/v2\/pages\/56","targetHints":{"allow":["GET"]}}],"collection":[{"href":"https:\/\/digitaliseringskompetens.se\/en\/wp-json\/wp\/v2\/pages"}],"about":[{"href":"https:\/\/digitaliseringskompetens.se\/en\/wp-json\/wp\/v2\/types\/page"}],"author":[{"embeddable":true,"href":"https:\/\/digitaliseringskompetens.se\/en\/wp-json\/wp\/v2\/users\/2"}],"replies":[{"embeddable":true,"href":"https:\/\/digitaliseringskompetens.se\/en\/wp-json\/wp\/v2\/comments?post=56"}],"version-history":[{"count":1,"href":"https:\/\/digitaliseringskompetens.se\/en\/wp-json\/wp\/v2\/pages\/56\/revisions"}],"predecessor-version":[{"id":58,"href":"https:\/\/digitaliseringskompetens.se\/en\/wp-json\/wp\/v2\/pages\/56\/revisions\/58"}],"wp:attachment":[{"href":"https:\/\/digitaliseringskompetens.se\/en\/wp-json\/wp\/v2\/media?parent=56"}],"curies":[{"name":"wp","href":"https:\/\/api.w.org\/{rel}","templated":true}]}}